{"id":27855,"date":"2024-10-07T20:59:26","date_gmt":"2024-10-07T20:59:26","guid":{"rendered":"https:\/\/mypsacperu.com\/?page_id=27855"},"modified":"2024-10-28T17:44:07","modified_gmt":"2024-10-28T17:44:07","slug":"terminos-y-condiciones","status":"publish","type":"page","link":"https:\/\/mypsacperu.com\/index.php\/terminos-y-condiciones\/","title":{"rendered":"T\u00e9rminos y Condiciones"},"content":{"rendered":"\t\t<div data-elementor-type=\"wp-page\" data-elementor-id=\"27855\" class=\"elementor elementor-27855\" data-elementor-post-type=\"page\">\n\t\t\t\t<div class=\"wd-negative-gap elementor-element elementor-element-fb12dea e-flex e-con-boxed e-con e-parent\" data-id=\"fb12dea\" data-element_type=\"container\">\n\t\t\t\t\t<div class=\"e-con-inner\">\n\t\t\t\t<div class=\"elementor-element elementor-element-d59634e color-scheme-inherit text-left elementor-widget elementor-widget-text-editor\" data-id=\"d59634e\" data-element_type=\"widget\" data-widget_type=\"text-editor.default\">\n\t\t\t\t<div class=\"elementor-widget-container\">\n\t\t\t\t\t\t\t<ol>\n<li><strong> Aceptaci\u00f3n de los T\u00e9rminos<\/strong><\/li>\n<\/ol>\n<p>Al utilizar nuestro sitio web y realizar compras en nuestra tienda, el cliente acepta cumplir con estos t\u00e9rminos y condiciones.<\/p>\n<ol start=\"2\">\n<li><strong> Productos y Servicios<\/strong><\/li>\n<\/ol>\n<p>Nos esforzamos por proporcionar informaci\u00f3n precisa sobre los productos y servicios. Sin embargo, no garantizamos que la descripci\u00f3n, el precio o cualquier otro contenido sea siempre exacto, completo o libre de errores.<\/p>\n<ol start=\"3\">\n<li><strong> Precios y Pagos<\/strong><\/li>\n<\/ol>\n<p>Los precios de los productos est\u00e1n sujetos a cambios sin previo aviso. Aceptamos los m\u00e9todos de pago especificados en nuestro sitio web. Todos los pagos deben ser completados en su totalidad antes de procesar el pedido.<\/p>\n<ol start=\"4\">\n<li><strong> Env\u00edos y Entregas<\/strong><\/li>\n<\/ol>\n<p>Nos esforzamos por cumplir con los plazos de entrega estimados, pero no garantizamos fechas de entrega espec\u00edficas. No somos responsables de retrasos en la entrega causados por eventos fuera de nuestro control.<\/p>\n<ol start=\"5\">\n<li><strong> Pol\u00edticas de Devoluci\u00f3n y Reembolso<\/strong><\/li>\n<\/ol>\n<p>Aceptamos devoluciones de productos dentro de un per\u00edodo espec\u00edfico, <font color=\"#ff0000\">15 dias<\/font>&nbsp;desde la recepci\u00f3n del pedido. Los productos deben estar en su estado original y sin usar. Los reembolsos se procesar\u00e1n una vez que recibamos y verifiquemos el producto devuelto.<\/p>\n<ol start=\"6\">\n<li><strong> Responsabilidad<\/strong><\/li>\n<\/ol>\n<p>No somos responsables de da\u00f1os indirectos, incidentales o consecuentes derivados del uso de nuestros productos o servicios. Nuestra responsabilidad se limita al valor del producto adquirido.<\/p>\n<ol start=\"7\">\n<li><strong> Modificaciones a los T\u00e9rminos<\/strong><\/li>\n<\/ol>\n<p>Nos reservamos el derecho de modificar estos t\u00e9rminos y condiciones en cualquier momento. Los cambios ser\u00e1n efectivos al publicarse en nuestro sitio web. Es responsabilidad del cliente revisar peri\u00f3dicamente estos t\u00e9rminos.<\/p>\n<ol start=\"8\">\n<li><strong> Ley Aplicable<\/strong><\/li>\n<\/ol>\n<p>Estos t\u00e9rminos y condiciones se regir\u00e1n e interpretar\u00e1n de acuerdo con las leyes del Per\u00fa, sin tener en cuenta sus disposiciones sobre conflicto de leyes.<\/p>\n<ol start=\"9\">\n<li><strong> Contacto<\/strong><\/li>\n<\/ol>\n<p>Para preguntas o inquietudes sobre estos t\u00e9rminos y condiciones, cont\u00e1ctenos al <span style=\"color: #ff0000;\">WhatsApp __________ o al correo ___________________________.<\/span><\/p>\t\t\t\t\t\t<\/div>\n\t\t\t\t<\/div>\n\t\t\t\t\t<\/div>\n\t\t\t\t<\/div>\n\t\t\t\t<\/div>\n\t\t","protected":false},"excerpt":{"rendered":"<p>Aceptaci\u00f3n de los T\u00e9rminos Al utilizar nuestro sitio web y realizar compras en nuestra tienda, el cliente acepta cumplir con<\/p>\n","protected":false},"author":1,"featured_media":0,"parent":0,"menu_order":0,"comment_status":"closed","ping_status":"closed","template":"","meta":{"footnotes":""},"class_list":["post-27855","page","type-page","status-publish","hentry"],"_links":{"self":[{"href":"https:\/\/mypsacperu.com\/index.php\/wp-json\/wp\/v2\/pages\/27855","targetHints":{"allow":["GET"]}}],"collection":[{"href":"https:\/\/mypsacperu.com\/index.php\/wp-json\/wp\/v2\/pages"}],"about":[{"href":"https:\/\/mypsacperu.com\/index.php\/wp-json\/wp\/v2\/types\/page"}],"author":[{"embeddable":true,"href":"https:\/\/mypsacperu.com\/index.php\/wp-json\/wp\/v2\/users\/1"}],"replies":[{"embeddable":true,"href":"https:\/\/mypsacperu.com\/index.php\/wp-json\/wp\/v2\/comments?post=27855"}],"version-history":[{"count":7,"href":"https:\/\/mypsacperu.com\/index.php\/wp-json\/wp\/v2\/pages\/27855\/revisions"}],"predecessor-version":[{"id":28195,"href":"https:\/\/mypsacperu.com\/index.php\/wp-json\/wp\/v2\/pages\/27855\/revisions\/28195"}],"wp:attachment":[{"href":"https:\/\/mypsacperu.com\/index.php\/wp-json\/wp\/v2\/media?parent=27855"}],"curies":[{"name":"wp","href":"https:\/\/api.w.org\/{rel}","templated":true}]}}