{"id":28062,"date":"2024-10-14T14:42:38","date_gmt":"2024-10-14T14:42:38","guid":{"rendered":"https:\/\/mypsacperu.com\/?post_type=product&#038;p=28062"},"modified":"2024-10-14T14:42:53","modified_gmt":"2024-10-14T14:42:53","slug":"cb1-2mp","status":"publish","type":"product","link":"https:\/\/mypsacperu.com\/index.php\/producto\/cb1-2mp\/","title":{"rendered":"CB1 2MP"},"content":{"rendered":"","protected":false},"excerpt":{"rendered":"<p>1. Resoluci\u00f3n 1080p<br \/>\n2. Visi\u00f3n nocturna por infrarrojos Hasta 5 m (16 pies)<br \/>\n3. Detecci\u00f3n inteligente de movimiento humano<br \/>\n4. Hasta 40 d\u00edas de duraci\u00f3n de la bater\u00eda\u00b9 (bater\u00eda recargable de 1600 mAh)<br \/>\n5. Instalar con base magn\u00e9tica<br \/>\n6. Conversaci\u00f3n bidireccional<br \/>\n7. Modo de suspensi\u00f3n para protecci\u00f3n de la privacidad<br \/>\n8. Integraci\u00f3n inteligente con el Asistente de Google y Amazon Alexa<br \/>\n9. Admite tarjeta MicroSD (hasta 512 GB) y EZVIZ CloudPlay Storage<\/p>\n","protected":false},"featured_media":28012,"template":"","meta":[],"product_cat":[106,84],"product_tag":[],"class_list":{"0":"post-28062","1":"product","2":"type-product","3":"status-publish","4":"has-post-thumbnail","6":"product_cat-camara-interior","7":"product_cat-camaras-de-vigilancia","9":"first","10":"instock","11":"shipping-taxable","12":"purchasable","13":"product-type-simple"},"_links":{"self":[{"href":"https:\/\/mypsacperu.com\/index.php\/wp-json\/wp\/v2\/product\/28062","targetHints":{"allow":["GET"]}}],"collection":[{"href":"https:\/\/mypsacperu.com\/index.php\/wp-json\/wp\/v2\/product"}],"about":[{"href":"https:\/\/mypsacperu.com\/index.php\/wp-json\/wp\/v2\/types\/product"}],"version-history":[{"count":1,"href":"https:\/\/mypsacperu.com\/index.php\/wp-json\/wp\/v2\/product\/28062\/revisions"}],"predecessor-version":[{"id":28063,"href":"https:\/\/mypsacperu.com\/index.php\/wp-json\/wp\/v2\/product\/28062\/revisions\/28063"}],"wp:featuredmedia":[{"embeddable":true,"href":"https:\/\/mypsacperu.com\/index.php\/wp-json\/wp\/v2\/media\/28012"}],"wp:attachment":[{"href":"https:\/\/mypsacperu.com\/index.php\/wp-json\/wp\/v2\/media?parent=28062"}],"wp:term":[{"taxonomy":"product_cat","embeddable":true,"href":"https:\/\/mypsacperu.com\/index.php\/wp-json\/wp\/v2\/product_cat?post=28062"},{"taxonomy":"product_tag","embeddable":true,"href":"https:\/\/mypsacperu.com\/index.php\/wp-json\/wp\/v2\/product_tag?post=28062"}],"curies":[{"name":"wp","href":"https:\/\/api.w.org\/{rel}","templated":true}]}}