{"id":28064,"date":"2024-10-14T14:43:22","date_gmt":"2024-10-14T14:43:22","guid":{"rendered":"https:\/\/mypsacperu.com\/?post_type=product&#038;p=28064"},"modified":"2024-10-14T14:43:34","modified_gmt":"2024-10-14T14:43:34","slug":"h6-5mp","status":"publish","type":"product","link":"https:\/\/mypsacperu.com\/index.php\/producto\/h6-5mp\/","title":{"rendered":"H6 5MP"},"content":{"rendered":"","protected":false},"excerpt":{"rendered":"<p>1.Vista Panor\u00e1mica 360\u00b0 2. Resoluci\u00f3n 2K\u207a 3. Visi\u00f3n en Color con Lente Starlight 4. Detecci\u00f3n de Personas y mascotas mediante IA 5. Detecci\u00f3n de Actividad por Voz 6. Reconocimiento y Control de Manos Ondulantes 7. Seguimiento con Zoom Autom\u00e1tico 8. Llamada Bidireccional 9. Soporta Wi-Fi de Doble Banda de 2,4 \/ 5 GHz 10. Obturador de Privacidad 11. Admite tarjeta MicroSD y Almacenamiento en la nube EZVIZ\u00b9<\/p>\n","protected":false},"featured_media":28023,"template":"","meta":[],"product_cat":[20],"product_tag":[],"class_list":{"0":"post-28064","1":"product","2":"type-product","3":"status-publish","4":"has-post-thumbnail","6":"product_cat-accesorios-y-partes-de-computadora","8":"first","9":"instock","10":"shipping-taxable","11":"purchasable","12":"product-type-simple"},"_links":{"self":[{"href":"https:\/\/mypsacperu.com\/index.php\/wp-json\/wp\/v2\/product\/28064","targetHints":{"allow":["GET"]}}],"collection":[{"href":"https:\/\/mypsacperu.com\/index.php\/wp-json\/wp\/v2\/product"}],"about":[{"href":"https:\/\/mypsacperu.com\/index.php\/wp-json\/wp\/v2\/types\/product"}],"version-history":[{"count":1,"href":"https:\/\/mypsacperu.com\/index.php\/wp-json\/wp\/v2\/product\/28064\/revisions"}],"predecessor-version":[{"id":28065,"href":"https:\/\/mypsacperu.com\/index.php\/wp-json\/wp\/v2\/product\/28064\/revisions\/28065"}],"wp:featuredmedia":[{"embeddable":true,"href":"https:\/\/mypsacperu.com\/index.php\/wp-json\/wp\/v2\/media\/28023"}],"wp:attachment":[{"href":"https:\/\/mypsacperu.com\/index.php\/wp-json\/wp\/v2\/media?parent=28064"}],"wp:term":[{"taxonomy":"product_cat","embeddable":true,"href":"https:\/\/mypsacperu.com\/index.php\/wp-json\/wp\/v2\/product_cat?post=28064"},{"taxonomy":"product_tag","embeddable":true,"href":"https:\/\/mypsacperu.com\/index.php\/wp-json\/wp\/v2\/product_tag?post=28064"}],"curies":[{"name":"wp","href":"https:\/\/api.w.org\/{rel}","templated":true}]}}