{"id":28372,"date":"2024-11-22T18:39:43","date_gmt":"2024-11-22T18:39:43","guid":{"rendered":"https:\/\/mypsacperu.com\/?post_type=product&#038;p=28372"},"modified":"2024-11-22T18:39:43","modified_gmt":"2024-11-22T18:39:43","slug":"camara-tubo-4k-8mp-20-metros","status":"publish","type":"product","link":"https:\/\/mypsacperu.com\/index.php\/producto\/camara-tubo-4k-8mp-20-metros\/","title":{"rendered":"CAMARA TUBO 4K-8MP &#8211; 20 METROS"},"content":{"rendered":"","protected":false},"excerpt":{"rendered":"<p>TUBO ICR DIA&amp;NOCHE |Tecnolog\u00eda Seleccionable: HD-TVI\/AHD\/CVI\/ CVBS | HD1080P| CMOS 8Mp | IR 10 a 20M | Cubierta Pl\u00e1stica | IP66. Resoluci\u00f3n: 3840 (H) \u00d7 2160 (V) \u2022 Lente 2.8mm \u2022 D-WDR \u2022 Smart IR, up to 20 m IR distance 4 in 1 video output (switchable TVI\/AHD\/CVI\/CVBS)<\/p>\n","protected":false},"featured_media":28373,"template":"","meta":[],"product_cat":[84],"product_tag":[],"class_list":{"0":"post-28372","1":"product","2":"type-product","3":"status-publish","4":"has-post-thumbnail","6":"product_cat-camaras-de-vigilancia","8":"first","9":"instock","10":"shipping-taxable","11":"purchasable","12":"product-type-simple"},"_links":{"self":[{"href":"https:\/\/mypsacperu.com\/index.php\/wp-json\/wp\/v2\/product\/28372","targetHints":{"allow":["GET"]}}],"collection":[{"href":"https:\/\/mypsacperu.com\/index.php\/wp-json\/wp\/v2\/product"}],"about":[{"href":"https:\/\/mypsacperu.com\/index.php\/wp-json\/wp\/v2\/types\/product"}],"version-history":[{"count":2,"href":"https:\/\/mypsacperu.com\/index.php\/wp-json\/wp\/v2\/product\/28372\/revisions"}],"predecessor-version":[{"id":28375,"href":"https:\/\/mypsacperu.com\/index.php\/wp-json\/wp\/v2\/product\/28372\/revisions\/28375"}],"wp:featuredmedia":[{"embeddable":true,"href":"https:\/\/mypsacperu.com\/index.php\/wp-json\/wp\/v2\/media\/28373"}],"wp:attachment":[{"href":"https:\/\/mypsacperu.com\/index.php\/wp-json\/wp\/v2\/media?parent=28372"}],"wp:term":[{"taxonomy":"product_cat","embeddable":true,"href":"https:\/\/mypsacperu.com\/index.php\/wp-json\/wp\/v2\/product_cat?post=28372"},{"taxonomy":"product_tag","embeddable":true,"href":"https:\/\/mypsacperu.com\/index.php\/wp-json\/wp\/v2\/product_tag?post=28372"}],"curies":[{"name":"wp","href":"https:\/\/api.w.org\/{rel}","templated":true}]}}