{"id":28607,"date":"2025-02-27T17:31:47","date_gmt":"2025-02-27T17:31:47","guid":{"rendered":"https:\/\/mypsacperu.com\/?post_type=product&#038;p=28607"},"modified":"2025-02-27T17:31:47","modified_gmt":"2025-02-27T17:31:47","slug":"teclado-mouse-micronics-inalambrica-quantum","status":"publish","type":"product","link":"https:\/\/mypsacperu.com\/index.php\/producto\/teclado-mouse-micronics-inalambrica-quantum\/","title":{"rendered":"TECLADO + MOUSE MICRONICS INALAMBRICA QUANTUM"},"content":{"rendered":"<p>El Combo Micronics Quantum (MIC WT813) combina elegancia y funcionalidad en un set de teclado y mouse inal\u00e1mbricos dise\u00f1ado para ofrecerte la m\u00e1xima comodidad y eficiencia. Ideal para oficinas, hogares y cualquier entorno que requiera un espacio de trabajo ordenado y sin cables.<\/p>\n","protected":false},"excerpt":{"rendered":"<p>El Combo Micronics Quantum (MIC WT813) combina elegancia y funcionalidad en un set de teclado y mouse inal\u00e1mbricos dise\u00f1ado para<\/p>\n","protected":false},"featured_media":28608,"template":"","meta":[],"product_cat":[87],"product_tag":[],"class_list":{"0":"post-28607","1":"product","2":"type-product","3":"status-publish","4":"has-post-thumbnail","6":"product_cat-teclado-y-mouse-inalambrico","8":"first","9":"instock","10":"shipping-taxable","11":"purchasable","12":"product-type-simple"},"_links":{"self":[{"href":"https:\/\/mypsacperu.com\/index.php\/wp-json\/wp\/v2\/product\/28607","targetHints":{"allow":["GET"]}}],"collection":[{"href":"https:\/\/mypsacperu.com\/index.php\/wp-json\/wp\/v2\/product"}],"about":[{"href":"https:\/\/mypsacperu.com\/index.php\/wp-json\/wp\/v2\/types\/product"}],"version-history":[{"count":2,"href":"https:\/\/mypsacperu.com\/index.php\/wp-json\/wp\/v2\/product\/28607\/revisions"}],"predecessor-version":[{"id":28611,"href":"https:\/\/mypsacperu.com\/index.php\/wp-json\/wp\/v2\/product\/28607\/revisions\/28611"}],"wp:featuredmedia":[{"embeddable":true,"href":"https:\/\/mypsacperu.com\/index.php\/wp-json\/wp\/v2\/media\/28608"}],"wp:attachment":[{"href":"https:\/\/mypsacperu.com\/index.php\/wp-json\/wp\/v2\/media?parent=28607"}],"wp:term":[{"taxonomy":"product_cat","embeddable":true,"href":"https:\/\/mypsacperu.com\/index.php\/wp-json\/wp\/v2\/product_cat?post=28607"},{"taxonomy":"product_tag","embeddable":true,"href":"https:\/\/mypsacperu.com\/index.php\/wp-json\/wp\/v2\/product_tag?post=28607"}],"curies":[{"name":"wp","href":"https:\/\/api.w.org\/{rel}","templated":true}]}}