{"id":28629,"date":"2025-02-27T19:38:59","date_gmt":"2025-02-27T19:38:59","guid":{"rendered":"https:\/\/mypsacperu.com\/?post_type=product&#038;p=28629"},"modified":"2025-02-27T19:39:58","modified_gmt":"2025-02-27T19:39:58","slug":"mouse-inalambrico-trust-silent-click-wireless","status":"publish","type":"product","link":"https:\/\/mypsacperu.com\/index.php\/producto\/mouse-inalambrico-trust-silent-click-wireless\/","title":{"rendered":"MOUSE INALAMBRICO TRUST SILENT CLICK WIRELESS"},"content":{"rendered":"<ul>\n<li>Marca: \u200eTrust<\/li>\n<li>Modelo: Silent Click Red TR6556AC<\/li>\n<li>Selector de Resoluci\u00f3n: 1600 DPI<\/li>\n<li>Botones: 3 Botones<\/li>\n<li>Conexi\u00f3n: Rango Inal\u00e1mbrico de 15m<\/li>\n<li>Tipo de sensor: \u00d3ptico<\/li>\n<li>Compatible con Windows, Mac y Chrom<\/li>\n<\/ul>\n","protected":false},"excerpt":{"rendered":"<p>Marca: \u200eTrust Modelo: Silent Click Red TR6556AC Selector de Resoluci\u00f3n: 1600 DPI Botones: 3 Botones Conexi\u00f3n: Rango Inal\u00e1mbrico de 15m<\/p>\n","protected":false},"featured_media":28630,"template":"","meta":[],"product_cat":[87],"product_tag":[],"class_list":{"0":"post-28629","1":"product","2":"type-product","3":"status-publish","4":"has-post-thumbnail","6":"product_cat-teclado-y-mouse-inalambrico","8":"first","9":"instock","10":"shipping-taxable","11":"purchasable","12":"product-type-simple"},"_links":{"self":[{"href":"https:\/\/mypsacperu.com\/index.php\/wp-json\/wp\/v2\/product\/28629","targetHints":{"allow":["GET"]}}],"collection":[{"href":"https:\/\/mypsacperu.com\/index.php\/wp-json\/wp\/v2\/product"}],"about":[{"href":"https:\/\/mypsacperu.com\/index.php\/wp-json\/wp\/v2\/types\/product"}],"version-history":[{"count":2,"href":"https:\/\/mypsacperu.com\/index.php\/wp-json\/wp\/v2\/product\/28629\/revisions"}],"predecessor-version":[{"id":28632,"href":"https:\/\/mypsacperu.com\/index.php\/wp-json\/wp\/v2\/product\/28629\/revisions\/28632"}],"wp:featuredmedia":[{"embeddable":true,"href":"https:\/\/mypsacperu.com\/index.php\/wp-json\/wp\/v2\/media\/28630"}],"wp:attachment":[{"href":"https:\/\/mypsacperu.com\/index.php\/wp-json\/wp\/v2\/media?parent=28629"}],"wp:term":[{"taxonomy":"product_cat","embeddable":true,"href":"https:\/\/mypsacperu.com\/index.php\/wp-json\/wp\/v2\/product_cat?post=28629"},{"taxonomy":"product_tag","embeddable":true,"href":"https:\/\/mypsacperu.com\/index.php\/wp-json\/wp\/v2\/product_tag?post=28629"}],"curies":[{"name":"wp","href":"https:\/\/api.w.org\/{rel}","templated":true}]}}