{"id":28647,"date":"2025-03-04T16:30:14","date_gmt":"2025-03-04T16:30:14","guid":{"rendered":"https:\/\/mypsacperu.com\/?post_type=product&#038;p=28647"},"modified":"2025-03-04T16:30:14","modified_gmt":"2025-03-04T16:30:14","slug":"mouse-logitech-m90","status":"publish","type":"product","link":"https:\/\/mypsacperu.com\/index.php\/producto\/mouse-logitech-m90\/","title":{"rendered":"MOUSE LOGITECH M90"},"content":{"rendered":"<div class=\"card__header\">\n<h2 class=\"card__title heading h3\">Descripci\u00f3n<\/h2>\n<\/div>\n<div class=\"card__section expandable-content expandable-content--expandable\" aria-expanded=\"true\">\n<div class=\"rte text--pull\">\n<p>Confortable, sencillo y listo para usar. Es un rat\u00f3n de tama\u00f1o normal para ambidiestros, de dise\u00f1o simple y listo para cumplir con tus necesidades, sin problemas. Solo conecta el cable en el puerto USB y al instante estar\u00e1s usando un rat\u00f3n que sencillamente funciona.<\/p>\n<p>Marca<br \/>\nLOGITECH<br \/>\nModelo<br \/>\nM90<br \/>\nTama\u00f1o<br \/>\nTama\u00f1o normal<br \/>\nConectividad<br \/>\nUSB con cable<br \/>\nTecnolog\u00eda de sensor<br \/>\nSeguimiento \u00f3ptico<br \/>\nDPI (m\u00edn.\/m\u00e1x.):<br \/>\n1000\u00b1<br \/>\nBotones<br \/>\n3 (click izquierdo\/derecho, click de bot\u00f3n central)<br \/>\nDesplazamiento<br \/>\nDesplazamiento l\u00ednea a l\u00ednea<br \/>\nRueda de desplazamiento:<br \/>\nS\u00ed, \u00f3ptica<br \/>\nSistemas compatible<br \/>\nWindows 7, 8, 10 o posterior<br \/>\nmacOS 10.5 o posterior<br \/>\nDimensiones del Mouse<br \/>\nAltura: 113 mm<br \/>\nAncho: 62 mm<br \/>\nProfundidad: 38 mm<br \/>\nPeso:<br \/>\n90 g<\/p>\n<\/div>\n<\/div>\n","protected":false},"excerpt":{"rendered":"<p>Descripci\u00f3n Confortable, sencillo y listo para usar. Es un rat\u00f3n de tama\u00f1o normal para ambidiestros, de dise\u00f1o simple y listo<\/p>\n","protected":false},"featured_media":28648,"template":"","meta":[],"product_cat":[87],"product_tag":[],"class_list":{"0":"post-28647","1":"product","2":"type-product","3":"status-publish","4":"has-post-thumbnail","6":"product_cat-teclado-y-mouse-inalambrico","8":"first","9":"instock","10":"shipping-taxable","11":"purchasable","12":"product-type-simple"},"_links":{"self":[{"href":"https:\/\/mypsacperu.com\/index.php\/wp-json\/wp\/v2\/product\/28647","targetHints":{"allow":["GET"]}}],"collection":[{"href":"https:\/\/mypsacperu.com\/index.php\/wp-json\/wp\/v2\/product"}],"about":[{"href":"https:\/\/mypsacperu.com\/index.php\/wp-json\/wp\/v2\/types\/product"}],"version-history":[{"count":1,"href":"https:\/\/mypsacperu.com\/index.php\/wp-json\/wp\/v2\/product\/28647\/revisions"}],"predecessor-version":[{"id":28649,"href":"https:\/\/mypsacperu.com\/index.php\/wp-json\/wp\/v2\/product\/28647\/revisions\/28649"}],"wp:featuredmedia":[{"embeddable":true,"href":"https:\/\/mypsacperu.com\/index.php\/wp-json\/wp\/v2\/media\/28648"}],"wp:attachment":[{"href":"https:\/\/mypsacperu.com\/index.php\/wp-json\/wp\/v2\/media?parent=28647"}],"wp:term":[{"taxonomy":"product_cat","embeddable":true,"href":"https:\/\/mypsacperu.com\/index.php\/wp-json\/wp\/v2\/product_cat?post=28647"},{"taxonomy":"product_tag","embeddable":true,"href":"https:\/\/mypsacperu.com\/index.php\/wp-json\/wp\/v2\/product_tag?post=28647"}],"curies":[{"name":"wp","href":"https:\/\/api.w.org\/{rel}","templated":true}]}}