{"id":28656,"date":"2025-03-04T16:39:46","date_gmt":"2025-03-04T16:39:46","guid":{"rendered":"https:\/\/mypsacperu.com\/?post_type=product&#038;p=28656"},"modified":"2025-03-04T16:40:56","modified_gmt":"2025-03-04T16:40:56","slug":"mouse-halion-gaming-ha-m539","status":"publish","type":"product","link":"https:\/\/mypsacperu.com\/index.php\/producto\/mouse-halion-gaming-ha-m539\/","title":{"rendered":"MOUSE HALION GAMING HA-M539"},"content":{"rendered":"<p>&nbsp;<\/p>\n<ul>\n<li>Mouse \u00d3ptico<\/li>\n<li>Conector USB 2.0<\/li>\n<li>Color: Negro Rubber<\/li>\n<li>6 botones<\/li>\n<li>Scroll para f\u00e1cil desplazamiento<\/li>\n<li>Dise\u00f1o ergon\u00f3mico<\/li>\n<li>Funciona en cualquier superficie (No reflectiva)<\/li>\n<li>Alta Sensibilidad 1200-1600-2400-3200 DPI<\/li>\n<li>Plug and play<\/li>\n<li>Luces RGB<\/li>\n<li>Cable 1.5 mt<\/li>\n<li>Medida: 128 x 67 x 40mm<\/li>\n<li>Compatible con Windows 2000\/XP\/Win 7\/8\/10<\/li>\n<\/ul>\n","protected":false},"excerpt":{"rendered":"<p>&nbsp; Mouse \u00d3ptico Conector USB 2.0 Color: Negro Rubber 6 botones Scroll para f\u00e1cil desplazamiento Dise\u00f1o ergon\u00f3mico Funciona en cualquier<\/p>\n","protected":false},"featured_media":28657,"template":"","meta":[],"product_cat":[87],"product_tag":[],"class_list":{"0":"post-28656","1":"product","2":"type-product","3":"status-publish","4":"has-post-thumbnail","6":"product_cat-teclado-y-mouse-inalambrico","8":"first","9":"instock","10":"shipping-taxable","11":"purchasable","12":"product-type-simple"},"_links":{"self":[{"href":"https:\/\/mypsacperu.com\/index.php\/wp-json\/wp\/v2\/product\/28656","targetHints":{"allow":["GET"]}}],"collection":[{"href":"https:\/\/mypsacperu.com\/index.php\/wp-json\/wp\/v2\/product"}],"about":[{"href":"https:\/\/mypsacperu.com\/index.php\/wp-json\/wp\/v2\/types\/product"}],"version-history":[{"count":1,"href":"https:\/\/mypsacperu.com\/index.php\/wp-json\/wp\/v2\/product\/28656\/revisions"}],"predecessor-version":[{"id":28658,"href":"https:\/\/mypsacperu.com\/index.php\/wp-json\/wp\/v2\/product\/28656\/revisions\/28658"}],"wp:featuredmedia":[{"embeddable":true,"href":"https:\/\/mypsacperu.com\/index.php\/wp-json\/wp\/v2\/media\/28657"}],"wp:attachment":[{"href":"https:\/\/mypsacperu.com\/index.php\/wp-json\/wp\/v2\/media?parent=28656"}],"wp:term":[{"taxonomy":"product_cat","embeddable":true,"href":"https:\/\/mypsacperu.com\/index.php\/wp-json\/wp\/v2\/product_cat?post=28656"},{"taxonomy":"product_tag","embeddable":true,"href":"https:\/\/mypsacperu.com\/index.php\/wp-json\/wp\/v2\/product_tag?post=28656"}],"curies":[{"name":"wp","href":"https:\/\/api.w.org\/{rel}","templated":true}]}}