{"id":28659,"date":"2025-03-04T16:43:23","date_gmt":"2025-03-04T16:43:23","guid":{"rendered":"https:\/\/mypsacperu.com\/?post_type=product&#038;p=28659"},"modified":"2025-03-04T16:44:38","modified_gmt":"2025-03-04T16:44:38","slug":"mouse-enkore-fortis-inalambrico","status":"publish","type":"product","link":"https:\/\/mypsacperu.com\/index.php\/producto\/mouse-enkore-fortis-inalambrico\/","title":{"rendered":"MOUSE ENKORE FORTIS INALAMBRICO"},"content":{"rendered":"<table class=\"table table-bordered text-small\">\n<tbody>\n<tr>\n<td colspan=\"2\" scope=\"row\">Caracter\u00edsticas<\/td>\n<\/tr>\n<tr>\n<td colspan=\"2\" scope=\"row\">Mouse \u00d3ptico Inal\u00e1mbrico.<\/td>\n<\/tr>\n<tr>\n<td colspan=\"2\" scope=\"row\">\n<div>Alta Sensibilidad de 1600 DPI:<\/div>\n<div>Para Lograr Posiciones Precisas.<\/div>\n<\/td>\n<\/tr>\n<tr>\n<td colspan=\"2\" scope=\"row\">Conexi\u00f3n: Nano Receptor USB.<\/td>\n<\/tr>\n<tr>\n<td colspan=\"2\" scope=\"row\">\n<div>Conexi\u00f3n Inal\u00e1mbrica Avanzada de 2.4 Ghz.<\/div>\n<\/td>\n<\/tr>\n<tr>\n<td colspan=\"2\" scope=\"row\">\n<div>Desplazamiento Scroll:<\/div>\n<div>Para Ahorrar Tiempo y Evitar Molestias en la Mu\u00f1eca.<\/div>\n<\/td>\n<\/tr>\n<tr>\n<td colspan=\"2\" scope=\"row\">\n<div>Sensor \u00d3ptico Avanzado:<\/div>\n<div>Funciona\u00a0 Sobre Cualquier Superficie no Reflectiva.<\/div>\n<\/td>\n<\/tr>\n<tr>\n<td colspan=\"2\" scope=\"row\">Color Negro.<\/td>\n<\/tr>\n<tr>\n<td colspan=\"2\" scope=\"row\">Compatible con Sistemas Operativos Windows<\/td>\n<\/tr>\n<\/tbody>\n<\/table>\n","protected":false},"excerpt":{"rendered":"<p>Caracter\u00edsticas Mouse \u00d3ptico Inal\u00e1mbrico. Alta Sensibilidad de 1600 DPI: Para Lograr Posiciones Precisas. Conexi\u00f3n: Nano Receptor USB. Conexi\u00f3n Inal\u00e1mbrica Avanzada<\/p>\n","protected":false},"featured_media":28661,"template":"","meta":[],"product_cat":[87],"product_tag":[],"class_list":{"0":"post-28659","1":"product","2":"type-product","3":"status-publish","4":"has-post-thumbnail","6":"product_cat-teclado-y-mouse-inalambrico","8":"first","9":"instock","10":"shipping-taxable","11":"purchasable","12":"product-type-simple"},"_links":{"self":[{"href":"https:\/\/mypsacperu.com\/index.php\/wp-json\/wp\/v2\/product\/28659","targetHints":{"allow":["GET"]}}],"collection":[{"href":"https:\/\/mypsacperu.com\/index.php\/wp-json\/wp\/v2\/product"}],"about":[{"href":"https:\/\/mypsacperu.com\/index.php\/wp-json\/wp\/v2\/types\/product"}],"version-history":[{"count":1,"href":"https:\/\/mypsacperu.com\/index.php\/wp-json\/wp\/v2\/product\/28659\/revisions"}],"predecessor-version":[{"id":28660,"href":"https:\/\/mypsacperu.com\/index.php\/wp-json\/wp\/v2\/product\/28659\/revisions\/28660"}],"wp:featuredmedia":[{"embeddable":true,"href":"https:\/\/mypsacperu.com\/index.php\/wp-json\/wp\/v2\/media\/28661"}],"wp:attachment":[{"href":"https:\/\/mypsacperu.com\/index.php\/wp-json\/wp\/v2\/media?parent=28659"}],"wp:term":[{"taxonomy":"product_cat","embeddable":true,"href":"https:\/\/mypsacperu.com\/index.php\/wp-json\/wp\/v2\/product_cat?post=28659"},{"taxonomy":"product_tag","embeddable":true,"href":"https:\/\/mypsacperu.com\/index.php\/wp-json\/wp\/v2\/product_tag?post=28659"}],"curies":[{"name":"wp","href":"https:\/\/api.w.org\/{rel}","templated":true}]}}