{"id":28721,"date":"2025-03-04T20:24:51","date_gmt":"2025-03-04T20:24:51","guid":{"rendered":"https:\/\/mypsacperu.com\/?post_type=product&#038;p=28721"},"modified":"2025-03-04T20:24:51","modified_gmt":"2025-03-04T20:24:51","slug":"monitor-teros-te-2731s-fhd-curvo-100hz-5ms-curvo-27","status":"publish","type":"product","link":"https:\/\/mypsacperu.com\/index.php\/producto\/monitor-teros-te-2731s-fhd-curvo-100hz-5ms-curvo-27\/","title":{"rendered":"MONITOR TEROS TE-2731S FHD CURVO 100HZ\/ 5MS\/ CURVO\/ 27&#8243;"},"content":{"rendered":"<table>\n<tbody>\n<tr>\n<td><strong>TAMA\u00d1O<\/strong><\/td>\n<td>27 PULG<\/td>\n<\/tr>\n<tr>\n<td><strong>TIPO<\/strong><\/td>\n<td>VA<\/td>\n<\/tr>\n<tr>\n<td><strong>CURVATURA<\/strong><\/td>\n<td>1800R<\/td>\n<\/tr>\n<tr>\n<td><strong>PROPORCI\u00d3N<\/strong><\/td>\n<td>WIDE<\/td>\n<\/tr>\n<tr>\n<td><strong>RESOLUCI\u00d3N MAX<\/strong><\/td>\n<td>1920 x 1080<\/td>\n<\/tr>\n<tr>\n<td><strong>FULL HD<\/strong><\/td>\n<td>SI<\/td>\n<\/tr>\n<\/tbody>\n<\/table>\n","protected":false},"excerpt":{"rendered":"<p>TAMA\u00d1O 27 PULG TIPO VA CURVATURA 1800R PROPORCI\u00d3N WIDE RESOLUCI\u00d3N MAX 1920 x 1080 FULL HD SI<\/p>\n","protected":false},"featured_media":28722,"template":"","meta":[],"product_cat":[78],"product_tag":[],"class_list":{"0":"post-28721","1":"product","2":"type-product","3":"status-publish","4":"has-post-thumbnail","6":"product_cat-monitores","8":"first","9":"instock","10":"shipping-taxable","11":"purchasable","12":"product-type-simple"},"_links":{"self":[{"href":"https:\/\/mypsacperu.com\/index.php\/wp-json\/wp\/v2\/product\/28721","targetHints":{"allow":["GET"]}}],"collection":[{"href":"https:\/\/mypsacperu.com\/index.php\/wp-json\/wp\/v2\/product"}],"about":[{"href":"https:\/\/mypsacperu.com\/index.php\/wp-json\/wp\/v2\/types\/product"}],"version-history":[{"count":2,"href":"https:\/\/mypsacperu.com\/index.php\/wp-json\/wp\/v2\/product\/28721\/revisions"}],"predecessor-version":[{"id":28724,"href":"https:\/\/mypsacperu.com\/index.php\/wp-json\/wp\/v2\/product\/28721\/revisions\/28724"}],"wp:featuredmedia":[{"embeddable":true,"href":"https:\/\/mypsacperu.com\/index.php\/wp-json\/wp\/v2\/media\/28722"}],"wp:attachment":[{"href":"https:\/\/mypsacperu.com\/index.php\/wp-json\/wp\/v2\/media?parent=28721"}],"wp:term":[{"taxonomy":"product_cat","embeddable":true,"href":"https:\/\/mypsacperu.com\/index.php\/wp-json\/wp\/v2\/product_cat?post=28721"},{"taxonomy":"product_tag","embeddable":true,"href":"https:\/\/mypsacperu.com\/index.php\/wp-json\/wp\/v2\/product_tag?post=28721"}],"curies":[{"name":"wp","href":"https:\/\/api.w.org\/{rel}","templated":true}]}}