{"id":29075,"date":"2025-06-17T18:59:56","date_gmt":"2025-06-17T18:59:56","guid":{"rendered":"https:\/\/mypsacperu.com\/?post_type=product&#038;p=29075"},"modified":"2025-06-17T19:04:48","modified_gmt":"2025-06-17T19:04:48","slug":"ssd-1tb-externo-kingston-xs2000-portable-usb-tipo-c-3-2","status":"publish","type":"product","link":"https:\/\/mypsacperu.com\/index.php\/producto\/ssd-1tb-externo-kingston-xs2000-portable-usb-tipo-c-3-2\/","title":{"rendered":"SSD 1TB EXTERNO KINGSTON XS2000 PORTABLE USB TIPO-C 3.2"},"content":{"rendered":"<p>SUBCATEGOR\u00cdA UNIDAD DE ESTADO S\u00d3LIDO SSD EXTERNO<br \/>\nMARCA KINGSTON<br \/>\nCAPACIDAD DE ALMACENAMIENTO 1TB<br \/>\nCONEXI\u00d3N USB TIPO-C<br \/>\nMATERIAL METAL PL\u00c1STICO<br \/>\nCARACTER\u00cdSTICA ADICIONAL RESISTENTE AL AGUA<\/p>\n<p>&nbsp;<\/p>\n","protected":false},"excerpt":{"rendered":"<p>SUBCATEGOR\u00cdA UNIDAD DE ESTADO S\u00d3LIDO SSD EXTERNO MARCA KINGSTON CAPACIDAD DE ALMACENAMIENTO 1TB CONEXI\u00d3N USB TIPO-C MATERIAL METAL PL\u00c1STICO CARACTER\u00cdSTICA<\/p>\n","protected":false},"featured_media":29082,"template":"","meta":[],"product_cat":[76,102],"product_tag":[],"class_list":{"0":"post-29075","1":"product","2":"type-product","3":"status-publish","4":"has-post-thumbnail","6":"product_cat-discos","7":"product_cat-discos-externos","9":"first","10":"instock","11":"shipping-taxable","12":"purchasable","13":"product-type-simple"},"_links":{"self":[{"href":"https:\/\/mypsacperu.com\/index.php\/wp-json\/wp\/v2\/product\/29075","targetHints":{"allow":["GET"]}}],"collection":[{"href":"https:\/\/mypsacperu.com\/index.php\/wp-json\/wp\/v2\/product"}],"about":[{"href":"https:\/\/mypsacperu.com\/index.php\/wp-json\/wp\/v2\/types\/product"}],"version-history":[{"count":1,"href":"https:\/\/mypsacperu.com\/index.php\/wp-json\/wp\/v2\/product\/29075\/revisions"}],"predecessor-version":[{"id":29077,"href":"https:\/\/mypsacperu.com\/index.php\/wp-json\/wp\/v2\/product\/29075\/revisions\/29077"}],"wp:featuredmedia":[{"embeddable":true,"href":"https:\/\/mypsacperu.com\/index.php\/wp-json\/wp\/v2\/media\/29082"}],"wp:attachment":[{"href":"https:\/\/mypsacperu.com\/index.php\/wp-json\/wp\/v2\/media?parent=29075"}],"wp:term":[{"taxonomy":"product_cat","embeddable":true,"href":"https:\/\/mypsacperu.com\/index.php\/wp-json\/wp\/v2\/product_cat?post=29075"},{"taxonomy":"product_tag","embeddable":true,"href":"https:\/\/mypsacperu.com\/index.php\/wp-json\/wp\/v2\/product_tag?post=29075"}],"curies":[{"name":"wp","href":"https:\/\/api.w.org\/{rel}","templated":true}]}}