{"id":29630,"date":"2025-06-23T19:17:01","date_gmt":"2025-06-23T19:17:01","guid":{"rendered":"https:\/\/mypsacperu.com\/?post_type=product&#038;p=29630"},"modified":"2025-06-23T19:17:01","modified_gmt":"2025-06-23T19:17:01","slug":"procesador-intel-core-i5-14400-cache-20-mb-hasta-4-70-ghz","status":"publish","type":"product","link":"https:\/\/mypsacperu.com\/index.php\/producto\/procesador-intel-core-i5-14400-cache-20-mb-hasta-4-70-ghz\/","title":{"rendered":"PROCESADOR INTEL CORE I5-14400, CACHE 20 MB, HASTA 4.70 GHZ."},"content":{"rendered":"<table>\n<tbody>\n<tr>\n<td class=\"xl66\" width=\"201\" height=\"20\">\n<h5>CARACTER\u00cdSTICAS<\/h5>\n<\/td>\n<td class=\"xl65\" width=\"26\"><\/td>\n<td class=\"xl65\" width=\"213\"><\/td>\n<\/tr>\n<tr>\n<td class=\"xl66\" height=\"20\">\n<h5>N\u00famero de Parte<\/h5>\n<\/td>\n<td class=\"xl66\">\n<h5>:<\/h5>\n<\/td>\n<td class=\"xl65\">BX8071514400<\/td>\n<\/tr>\n<tr>\n<td class=\"xl66\" height=\"20\">\n<h5>Segmento vertical<\/h5>\n<\/td>\n<td class=\"xl66\">\n<h5>:<\/h5>\n<\/td>\n<td class=\"xl65\">Escritorio<\/td>\n<\/tr>\n<tr>\n<td class=\"xl65\" height=\"20\">\n<h5>N\u00famero de procesador<\/h5>\n<\/td>\n<td class=\"xl66\">\n<h5>:<\/h5>\n<\/td>\n<td class=\"xl65\">i5-14400<\/td>\n<\/tr>\n<tr>\n<td class=\"xl65\" height=\"20\">\n<h5>Litograf\u00eda<\/h5>\n<\/td>\n<td class=\"xl66\">\n<h5>:<\/h5>\n<\/td>\n<td class=\"xl65\">Intel 7<\/td>\n<\/tr>\n<tr>\n<td class=\"xl65\" height=\"20\">\n<h5>Cantidad de n\u00facleos<\/h5>\n<\/td>\n<td class=\"xl66\">\n<h5>:<\/h5>\n<\/td>\n<td class=\"xl65\">10<\/td>\n<\/tr>\n<tr>\n<td class=\"xl65\" height=\"20\">\n<h5>Cantidad de Performance-cores<\/h5>\n<\/td>\n<td class=\"xl66\">\n<h5>:<\/h5>\n<\/td>\n<td class=\"xl65\">6<\/td>\n<\/tr>\n<tr>\n<td class=\"xl65\" height=\"20\">\n<h5>Cantidad de Efficient-cores<\/h5>\n<\/td>\n<td class=\"xl66\">\n<h5>:<\/h5>\n<\/td>\n<td class=\"xl65\">4<\/td>\n<\/tr>\n<tr>\n<td class=\"xl65\" height=\"20\">\n<h5>Cantidad de subprocesos<\/h5>\n<\/td>\n<td class=\"xl66\">\n<h5>:<\/h5>\n<\/td>\n<td class=\"xl65\">16<\/td>\n<\/tr>\n<tr>\n<td class=\"xl65\" height=\"20\">\n<h5>Frecuencia turbo m\u00e1xima<\/h5>\n<\/td>\n<td class=\"xl66\">\n<h5>:<\/h5>\n<\/td>\n<td class=\"xl65\">4,7 GHz<\/td>\n<\/tr>\n<tr>\n<td class=\"xl65\" height=\"20\">\n<h5>Cach\u00e9<\/h5>\n<\/td>\n<td class=\"xl66\">\n<h5>:<\/h5>\n<\/td>\n<td class=\"xl65\">Cach\u00e9 inteligente Intel\u00ae de 20 MB<\/td>\n<\/tr>\n<tr>\n<td class=\"xl65\" height=\"20\">\n<h5>Nombre de la GPU<\/h5>\n<\/td>\n<td class=\"xl66\">\n<h5>:<\/h5>\n<\/td>\n<td class=\"xl65\">Gr\u00e1ficos Intel\u00ae UHD 730<\/td>\n<\/tr>\n<tr>\n<td class=\"xl65\" height=\"20\">\n<h5>Tipos de memoria<\/h5>\n<\/td>\n<td class=\"xl66\">\n<h5>:<\/h5>\n<\/td>\n<td class=\"xl65\">Hasta DDR5 4800 MT\/s &#8211; Hasta DDR4 3200 MT\/s<\/td>\n<\/tr>\n<tr>\n<td class=\"xl65\" height=\"20\">\n<h5>Z\u00f3calos compatibles<\/h5>\n<\/td>\n<td class=\"xl66\">\n<h5>:<\/h5>\n<\/td>\n<td class=\"xl65\">FCLGA1700<\/td>\n<\/tr>\n<\/tbody>\n<\/table>\n","protected":false},"excerpt":{"rendered":"<p>CARACTER\u00cdSTICAS N\u00famero de Parte : BX8071514400 Segmento vertical : Escritorio N\u00famero de procesador : i5-14400 Litograf\u00eda : Intel 7 Cantidad<\/p>\n","protected":false},"featured_media":29631,"template":"","meta":[],"product_cat":[127],"product_tag":[],"class_list":{"0":"post-29630","1":"product","2":"type-product","3":"status-publish","4":"has-post-thumbnail","6":"product_cat-procesadores-intel-ryzen","8":"first","9":"instock","10":"shipping-taxable","11":"purchasable","12":"product-type-simple"},"_links":{"self":[{"href":"https:\/\/mypsacperu.com\/index.php\/wp-json\/wp\/v2\/product\/29630","targetHints":{"allow":["GET"]}}],"collection":[{"href":"https:\/\/mypsacperu.com\/index.php\/wp-json\/wp\/v2\/product"}],"about":[{"href":"https:\/\/mypsacperu.com\/index.php\/wp-json\/wp\/v2\/types\/product"}],"version-history":[{"count":1,"href":"https:\/\/mypsacperu.com\/index.php\/wp-json\/wp\/v2\/product\/29630\/revisions"}],"predecessor-version":[{"id":29633,"href":"https:\/\/mypsacperu.com\/index.php\/wp-json\/wp\/v2\/product\/29630\/revisions\/29633"}],"wp:featuredmedia":[{"embeddable":true,"href":"https:\/\/mypsacperu.com\/index.php\/wp-json\/wp\/v2\/media\/29631"}],"wp:attachment":[{"href":"https:\/\/mypsacperu.com\/index.php\/wp-json\/wp\/v2\/media?parent=29630"}],"wp:term":[{"taxonomy":"product_cat","embeddable":true,"href":"https:\/\/mypsacperu.com\/index.php\/wp-json\/wp\/v2\/product_cat?post=29630"},{"taxonomy":"product_tag","embeddable":true,"href":"https:\/\/mypsacperu.com\/index.php\/wp-json\/wp\/v2\/product_tag?post=29630"}],"curies":[{"name":"wp","href":"https:\/\/api.w.org\/{rel}","templated":true}]}}