{"id":29681,"date":"2025-06-23T20:27:24","date_gmt":"2025-06-23T20:27:24","guid":{"rendered":"https:\/\/mypsacperu.com\/?post_type=product&#038;p=29681"},"modified":"2025-06-23T20:27:24","modified_gmt":"2025-06-23T20:27:24","slug":"procesador-intel-core-i7-12700kf","status":"publish","type":"product","link":"https:\/\/mypsacperu.com\/index.php\/producto\/procesador-intel-core-i7-12700kf\/","title":{"rendered":"PROCESADOR INTEL CORE i7-12700KF"},"content":{"rendered":"<table>\n<tbody>\n<tr>\n<td class=\"xl66\" width=\"201\" height=\"20\">\n<h6>CARACTER\u00cdSTICAS<\/h6>\n<\/td>\n<td class=\"xl65\" width=\"26\"><\/td>\n<td class=\"xl65\" width=\"213\"><\/td>\n<\/tr>\n<tr>\n<td class=\"xl66\" height=\"20\">\n<h6>N\u00famero de Parte<\/h6>\n<\/td>\n<td class=\"xl66\">\n<h6>:<\/h6>\n<\/td>\n<td class=\"xl65\">BX8071512700KF<\/td>\n<\/tr>\n<tr>\n<td class=\"xl66\" height=\"20\">\n<h6>Segmento vertical<\/h6>\n<\/td>\n<td class=\"xl66\">\n<h6>:<\/h6>\n<\/td>\n<td class=\"xl65\">Escritorio<\/td>\n<\/tr>\n<tr>\n<td class=\"xl65\" height=\"20\">\n<h6>Tipo de CPU<\/h6>\n<\/td>\n<td class=\"xl66\">\n<h6>:<\/h6>\n<\/td>\n<td class=\"xl65\">i7-12700KF<\/td>\n<\/tr>\n<tr>\n<td class=\"xl65\" height=\"20\">\n<h6>N\u00facleos totales<\/h6>\n<\/td>\n<td class=\"xl66\">\n<h6>:<\/h6>\n<\/td>\n<td class=\"xl65\">12<\/td>\n<\/tr>\n<tr>\n<td class=\"xl65\" height=\"20\">\n<h6># de n\u00facleos de rendimiento<\/h6>\n<\/td>\n<td class=\"xl66\">\n<h6>:<\/h6>\n<\/td>\n<td class=\"xl65\">8<\/td>\n<\/tr>\n<tr>\n<td class=\"xl65\" height=\"20\">\n<h6># de n\u00facleos eficientes<\/h6>\n<\/td>\n<td class=\"xl66\">\n<h6>:<\/h6>\n<\/td>\n<td class=\"xl65\">4<\/td>\n<\/tr>\n<tr>\n<td class=\"xl65\" height=\"20\">\n<h6>Total de subprocesos<\/h6>\n<\/td>\n<td class=\"xl66\">\n<h6>:<\/h6>\n<\/td>\n<td class=\"xl65\">20<\/td>\n<\/tr>\n<tr>\n<td class=\"xl65\" height=\"20\">\n<h6>Frecuencia base del n\u00facleo de rendimiento<\/h6>\n<\/td>\n<td class=\"xl66\">\n<h6>:<\/h6>\n<\/td>\n<td class=\"xl65\">3,60 GHz<\/td>\n<\/tr>\n<tr>\n<td class=\"xl65\" height=\"20\">\n<h6>Cach\u00e9<\/h6>\n<\/td>\n<td class=\"xl66\">\n<h6>:<\/h6>\n<\/td>\n<td class=\"xl65\">25 MB de cach\u00e9 inteligente Intel<\/td>\n<\/tr>\n<tr>\n<td class=\"xl65\" height=\"20\">\n<h6>Cach\u00e9 L2 total<\/h6>\n<\/td>\n<td class=\"xl66\">\n<h6>:<\/h6>\n<\/td>\n<td class=\"xl65\">12 MB<\/td>\n<\/tr>\n<tr>\n<td class=\"xl65\" height=\"20\">\n<h6>Sockets compatibles<\/h6>\n<\/td>\n<td class=\"xl66\">\n<h6>:<\/h6>\n<\/td>\n<td class=\"xl65\">FCLGA1700<\/td>\n<\/tr>\n<\/tbody>\n<\/table>\n","protected":false},"excerpt":{"rendered":"<p>CARACTER\u00cdSTICAS N\u00famero de Parte : BX8071512700KF Segmento vertical : Escritorio Tipo de CPU : i7-12700KF N\u00facleos totales : 12 #<\/p>\n","protected":false},"featured_media":29682,"template":"","meta":[],"product_cat":[20],"product_tag":[],"class_list":{"0":"post-29681","1":"product","2":"type-product","3":"status-publish","4":"has-post-thumbnail","6":"product_cat-accesorios-y-partes-de-computadora","8":"first","9":"instock","10":"shipping-taxable","11":"purchasable","12":"product-type-simple"},"_links":{"self":[{"href":"https:\/\/mypsacperu.com\/index.php\/wp-json\/wp\/v2\/product\/29681","targetHints":{"allow":["GET"]}}],"collection":[{"href":"https:\/\/mypsacperu.com\/index.php\/wp-json\/wp\/v2\/product"}],"about":[{"href":"https:\/\/mypsacperu.com\/index.php\/wp-json\/wp\/v2\/types\/product"}],"version-history":[{"count":1,"href":"https:\/\/mypsacperu.com\/index.php\/wp-json\/wp\/v2\/product\/29681\/revisions"}],"predecessor-version":[{"id":29685,"href":"https:\/\/mypsacperu.com\/index.php\/wp-json\/wp\/v2\/product\/29681\/revisions\/29685"}],"wp:featuredmedia":[{"embeddable":true,"href":"https:\/\/mypsacperu.com\/index.php\/wp-json\/wp\/v2\/media\/29682"}],"wp:attachment":[{"href":"https:\/\/mypsacperu.com\/index.php\/wp-json\/wp\/v2\/media?parent=29681"}],"wp:term":[{"taxonomy":"product_cat","embeddable":true,"href":"https:\/\/mypsacperu.com\/index.php\/wp-json\/wp\/v2\/product_cat?post=29681"},{"taxonomy":"product_tag","embeddable":true,"href":"https:\/\/mypsacperu.com\/index.php\/wp-json\/wp\/v2\/product_tag?post=29681"}],"curies":[{"name":"wp","href":"https:\/\/api.w.org\/{rel}","templated":true}]}}